{"id":58,"date":"2018-06-25T12:51:00","date_gmt":"2018-06-25T10:51:00","guid":{"rendered":"https:\/\/lelargeroscoff.wordpress.com\/?page_id=58"},"modified":"2024-10-29T10:54:19","modified_gmt":"2024-10-29T09:54:19","slug":"planning-des-disponibilites","status":"publish","type":"page","link":"https:\/\/location-vacances-roscoff.fr\/?page_id=58","title":{"rendered":"TARIFS\/SEMAINE &#038; DISPONIBILITES"},"content":{"rendered":"\n<h4 class=\"wp-block-heading has-text-align-center has-medium-font-size\"><span style=\"color:#0024d1\" class=\"has-inline-color\">LA PERIODE DE LOCATION S&rsquo;ENTEND DU SAMEDI AU SAMEDI<\/span><\/h4>\n\n\n\n<p class=\"has-text-align-left has-pale-cyan-blue-background-color has-background has-medium-font-size\"><span class=\"has-inline-color has-vivid-red-color\"><strong>PENSEZ A L&rsquo;ASSURANCE ANNULATIO<\/strong>N : <strong>EXTRAIT DES CONDITIONS GENERALES DE LOCATION AU VERSO DU CONTRAT Cl\u00e9Vacances<\/strong><\/span><\/p>\n\n\n\n<ul class=\"has-medium-font-size\">\n<li><strong><span class=\"has-inline-color has-vivid-red-color\">CONDITIONS DE RESILIATION<\/span><\/strong> :<em> <strong>Article 9 <\/strong>&#8211; <strong>En cas d\u2019annulation par le locataire avant l&rsquo;arriv\u00e9e dans les lieux, l&rsquo;acompte reste acquis au propri\u00e9taire et le solde du montant du s\u00e9jour est int\u00e9gralement d\u00fb par le locataire<\/strong><\/em><\/li>\n<\/ul>\n\n\n\n<ul class=\"has-medium-font-size\">\n<li><strong><span class=\"has-inline-color has-vivid-red-color\">INTERRUPTION DE SEJOUR<\/span><\/strong> : <em><strong>Article 10<\/strong> &#8211; <span class=\"has-inline-color has-black-color\"><strong>Il ne sera proc\u00e9d\u00e9 \u00e0 aucun remboursement hormis le d\u00e9p\u00f4t de garantie<\/strong><\/span>\u00ab\u00a0<\/em><\/li>\n<\/ul>\n\n\n\n<p><strong><span class=\"has-inline-color has-vivid-red-color\">PinkAssur et la Cie AREASAssurance (partenaires Cl\u00e9Vacances). Pour tout renseignement t\u00e9l 06.33.45.34.67 &#8211; contact@pinkassur.com <\/span><\/strong><\/p>\n\n\n\n<div class=\"wp-block-group\"><div class=\"wp-block-group__inner-container is-layout-flow wp-block-group-is-layout-flow\">\n<div class=\"wp-block-group\"><div class=\"wp-block-group__inner-container is-layout-flow wp-block-group-is-layout-flow\">\n<div class=\"wp-block-group\"><div class=\"wp-block-group__inner-container is-layout-flow wp-block-group-is-layout-flow\"><div class=\"wpbs-main-wrapper wpbs-main-wrapper-calendar-1 wpbs-main-wrapper-form-0\"><div class=\"wpbs-container wpbs-enable-hover wpbs-calendar-1\" data-id=\"1\" data-show_title=\"1\" data-show_legend=\"1\" data-current_year=\"2026\" data-current_month=\"5\" data-language=\"fr\" data-min_width=\"200\" data-max_width=\"380\" data-start_date=\"0\" data-end_date=\"0\" ><h2>Planning de r\u00e9servation<\/h2><div class=\"wpbs-calendars-wrapper wpbs-legend-position-side\"><div class=\"wpbs-legend\"><div class=\"wpbs-legend-item\"><div class=\"wpbs-legend-item-icon wpbs-legend-item-icon-1\" data-type=\"single\"><div class=\"wpbs-legend-item-icon-color\" ><\/div><div class=\"wpbs-legend-item-icon-color\" ><\/div><\/div><span class=wpbs-legend-item-name>Disponible<\/span><\/div><div class=\"wpbs-legend-item\"><div class=\"wpbs-legend-item-icon wpbs-legend-item-icon-2\" data-type=\"single\"><div class=\"wpbs-legend-item-icon-color\" ><\/div><div class=\"wpbs-legend-item-icon-color\" ><\/div><\/div><span class=wpbs-legend-item-name>R\u00e9serv\u00e9<\/span><\/div><\/div><div class=\"wpbs-calendars\"><div class=\"wpbs-calendar\"><div class=\"wpbs-calendar-header wpbs-heading\"><div class=\"wpbs-calendar-header-navigation\"><a href=\"#\" class=\"wpbs-prev\"><span class=\"wpbs-arrow\"><\/span><\/a><div class=\"wpbs-select-container\"><select><option value=\"1771113600\" >F\u00e9vrier 2026<\/option><option value=\"1773532800\" >Mars 2026<\/option><option value=\"1776211200\" >Avril 2026<\/option><option value=\"1778803200\"  selected='selected'>Mai 2026<\/option><option value=\"1781481600\" >Juin 2026<\/option><option value=\"1784073600\" >Juillet 2026<\/option><option value=\"1786752000\" >Ao\u00fbt 2026<\/option><option value=\"1789430400\" >Septembre 2026<\/option><option value=\"1792022400\" >Octobre 2026<\/option><option value=\"1794700800\" >Novembre 2026<\/option><option value=\"1797292800\" >D\u00e9cembre 2026<\/option><option value=\"1799971200\" >Janvier 2027<\/option><option value=\"1802649600\" >F\u00e9vrier 2027<\/option><option value=\"1805068800\" >Mars 2027<\/option><option value=\"1807747200\" >Avril 2027<\/option><option value=\"1810339200\" >Mai 2027<\/option><\/select><\/div><a href=\"#\" class=\"wpbs-next\"><span class=\"wpbs-arrow\"><\/span><\/a><\/div><\/div><div class=\"wpbs-calendar-wrapper\"><table><thead><tr><th>L<\/th><th>M<\/th><th>M<\/th><th>J<\/th><th>V<\/th><th>S<\/th><th>D<\/th><\/tr><\/thead><tbody><tr><td><div class=\"wpbs-date   wpbs-gap  \"  data-price=\"\"><div class=\"wpbs-date-inner\"><\/div><\/div><\/td><td><div class=\"wpbs-date   wpbs-gap  \"  data-price=\"\"><div class=\"wpbs-date-inner\"><\/div><\/div><\/td><td><div class=\"wpbs-date   wpbs-gap  \"  data-price=\"\"><div class=\"wpbs-date-inner\"><\/div><\/div><\/td><td><div class=\"wpbs-date   wpbs-gap  \"  data-price=\"\"><div class=\"wpbs-date-inner\"><\/div><\/div><\/td><td><div class=\"wpbs-date wpbs-legend-item-1    \" data-year=\"2026\" data-month=\"5\" data-day=\"1\" data-price=\"\"><div class=\"wpbs-legend-item-icon wpbs-legend-item-icon-1\" data-type=\"single\"><div class=\"wpbs-legend-item-icon-color\" ><\/div><div class=\"wpbs-legend-item-icon-color\" ><\/div><\/div><div class=\"wpbs-date-inner\"><span class=\"wpbs-date-number\">1<\/span><\/div><\/div><\/td><td><div class=\"wpbs-date wpbs-legend-item-1 wpbs-date-today  wpbs-is-bookable \" data-year=\"2026\" data-month=\"5\" data-day=\"2\" data-price=\"\"><div class=\"wpbs-legend-item-icon wpbs-legend-item-icon-1\" data-type=\"single\"><div class=\"wpbs-legend-item-icon-color\" ><\/div><div class=\"wpbs-legend-item-icon-color\" ><\/div><\/div><div class=\"wpbs-date-inner\"><span class=\"wpbs-date-number\">2<\/span><\/div><\/div><\/td><td><div class=\"wpbs-date wpbs-legend-item-1   wpbs-is-bookable \" data-year=\"2026\" data-month=\"5\" data-day=\"3\" data-price=\"\"><div class=\"wpbs-legend-item-icon wpbs-legend-item-icon-1\" data-type=\"single\"><div class=\"wpbs-legend-item-icon-color\" ><\/div><div class=\"wpbs-legend-item-icon-color\" ><\/div><\/div><div class=\"wpbs-date-inner\"><span class=\"wpbs-date-number\">3<\/span><\/div><\/div><\/td><\/tr><tr><td><div class=\"wpbs-date wpbs-legend-item-1   wpbs-is-bookable \" data-year=\"2026\" data-month=\"5\" data-day=\"4\" data-price=\"\"><div class=\"wpbs-legend-item-icon wpbs-legend-item-icon-1\" data-type=\"single\"><div class=\"wpbs-legend-item-icon-color\" ><\/div><div class=\"wpbs-legend-item-icon-color\" ><\/div><\/div><div class=\"wpbs-date-inner\"><span class=\"wpbs-date-number\">4<\/span><\/div><\/div><\/td><td><div class=\"wpbs-date wpbs-legend-item-1   wpbs-is-bookable \" data-year=\"2026\" data-month=\"5\" data-day=\"5\" data-price=\"\"><div class=\"wpbs-legend-item-icon wpbs-legend-item-icon-1\" data-type=\"single\"><div class=\"wpbs-legend-item-icon-color\" ><\/div><div class=\"wpbs-legend-item-icon-color\" ><\/div><\/div><div class=\"wpbs-date-inner\"><span class=\"wpbs-date-number\">5<\/span><\/div><\/div><\/td><td><div class=\"wpbs-date wpbs-legend-item-1   wpbs-is-bookable \" data-year=\"2026\" data-month=\"5\" data-day=\"6\" data-price=\"\"><div class=\"wpbs-legend-item-icon wpbs-legend-item-icon-1\" data-type=\"single\"><div class=\"wpbs-legend-item-icon-color\" ><\/div><div class=\"wpbs-legend-item-icon-color\" ><\/div><\/div><div class=\"wpbs-date-inner\"><span class=\"wpbs-date-number\">6<\/span><\/div><\/div><\/td><td><div class=\"wpbs-date wpbs-legend-item-1   wpbs-is-bookable \" data-year=\"2026\" data-month=\"5\" data-day=\"7\" data-price=\"\"><div class=\"wpbs-legend-item-icon wpbs-legend-item-icon-1\" data-type=\"single\"><div class=\"wpbs-legend-item-icon-color\" ><\/div><div class=\"wpbs-legend-item-icon-color\" ><\/div><\/div><div class=\"wpbs-date-inner\"><span class=\"wpbs-date-number\">7<\/span><\/div><\/div><\/td><td><div class=\"wpbs-date wpbs-legend-item-1   wpbs-is-bookable \" data-year=\"2026\" data-month=\"5\" data-day=\"8\" data-price=\"\"><div class=\"wpbs-legend-item-icon wpbs-legend-item-icon-1\" data-type=\"single\"><div class=\"wpbs-legend-item-icon-color\" ><\/div><div class=\"wpbs-legend-item-icon-color\" ><\/div><\/div><div class=\"wpbs-date-inner\"><span class=\"wpbs-date-number\">8<\/span><\/div><\/div><\/td><td><div class=\"wpbs-date wpbs-legend-item-1   wpbs-is-bookable \" data-year=\"2026\" data-month=\"5\" data-day=\"9\" data-price=\"\"><div class=\"wpbs-legend-item-icon wpbs-legend-item-icon-1\" data-type=\"single\"><div class=\"wpbs-legend-item-icon-color\" ><\/div><div class=\"wpbs-legend-item-icon-color\" ><\/div><\/div><div class=\"wpbs-date-inner\"><span class=\"wpbs-date-number\">9<\/span><\/div><\/div><\/td><td><div class=\"wpbs-date wpbs-legend-item-1   wpbs-is-bookable \" data-year=\"2026\" data-month=\"5\" data-day=\"10\" data-price=\"\"><div class=\"wpbs-legend-item-icon wpbs-legend-item-icon-1\" data-type=\"single\"><div class=\"wpbs-legend-item-icon-color\" ><\/div><div class=\"wpbs-legend-item-icon-color\" ><\/div><\/div><div class=\"wpbs-date-inner\"><span class=\"wpbs-date-number\">10<\/span><\/div><\/div><\/td><\/tr><tr><td><div class=\"wpbs-date wpbs-legend-item-1   wpbs-is-bookable \" data-year=\"2026\" data-month=\"5\" data-day=\"11\" data-price=\"\"><div class=\"wpbs-legend-item-icon wpbs-legend-item-icon-1\" data-type=\"single\"><div class=\"wpbs-legend-item-icon-color\" ><\/div><div class=\"wpbs-legend-item-icon-color\" ><\/div><\/div><div class=\"wpbs-date-inner\"><span class=\"wpbs-date-number\">11<\/span><\/div><\/div><\/td><td><div class=\"wpbs-date wpbs-legend-item-1   wpbs-is-bookable \" data-year=\"2026\" data-month=\"5\" data-day=\"12\" data-price=\"\"><div class=\"wpbs-legend-item-icon wpbs-legend-item-icon-1\" data-type=\"single\"><div class=\"wpbs-legend-item-icon-color\" ><\/div><div class=\"wpbs-legend-item-icon-color\" ><\/div><\/div><div class=\"wpbs-date-inner\"><span class=\"wpbs-date-number\">12<\/span><\/div><\/div><\/td><td><div class=\"wpbs-date wpbs-legend-item-1   wpbs-is-bookable \" data-year=\"2026\" data-month=\"5\" data-day=\"13\" data-price=\"\"><div class=\"wpbs-legend-item-icon wpbs-legend-item-icon-1\" data-type=\"single\"><div class=\"wpbs-legend-item-icon-color\" ><\/div><div class=\"wpbs-legend-item-icon-color\" ><\/div><\/div><div class=\"wpbs-date-inner\"><span class=\"wpbs-date-number\">13<\/span><\/div><\/div><\/td><td><div class=\"wpbs-date wpbs-legend-item-1   wpbs-is-bookable \" data-year=\"2026\" data-month=\"5\" data-day=\"14\" data-price=\"\"><div class=\"wpbs-legend-item-icon wpbs-legend-item-icon-1\" data-type=\"single\"><div class=\"wpbs-legend-item-icon-color\" ><\/div><div class=\"wpbs-legend-item-icon-color\" ><\/div><\/div><div class=\"wpbs-date-inner\"><span class=\"wpbs-date-number\">14<\/span><\/div><\/div><\/td><td><div class=\"wpbs-date wpbs-legend-item-1   wpbs-is-bookable \" data-year=\"2026\" data-month=\"5\" data-day=\"15\" data-price=\"\"><div class=\"wpbs-legend-item-icon wpbs-legend-item-icon-1\" data-type=\"single\"><div class=\"wpbs-legend-item-icon-color\" ><\/div><div class=\"wpbs-legend-item-icon-color\" ><\/div><\/div><div class=\"wpbs-date-inner\"><span class=\"wpbs-date-number\">15<\/span><\/div><\/div><\/td><td><div class=\"wpbs-date wpbs-legend-item-1   wpbs-is-bookable \" data-year=\"2026\" data-month=\"5\" data-day=\"16\" data-price=\"\"><div class=\"wpbs-legend-item-icon wpbs-legend-item-icon-1\" data-type=\"single\"><div class=\"wpbs-legend-item-icon-color\" ><\/div><div class=\"wpbs-legend-item-icon-color\" ><\/div><\/div><div class=\"wpbs-date-inner\"><span class=\"wpbs-date-number\">16<\/span><\/div><\/div><\/td><td><div class=\"wpbs-date wpbs-legend-item-1   wpbs-is-bookable \" data-year=\"2026\" data-month=\"5\" data-day=\"17\" data-price=\"\"><div class=\"wpbs-legend-item-icon wpbs-legend-item-icon-1\" data-type=\"single\"><div class=\"wpbs-legend-item-icon-color\" ><\/div><div class=\"wpbs-legend-item-icon-color\" ><\/div><\/div><div class=\"wpbs-date-inner\"><span class=\"wpbs-date-number\">17<\/span><\/div><\/div><\/td><\/tr><tr><td><div class=\"wpbs-date wpbs-legend-item-1   wpbs-is-bookable \" data-year=\"2026\" data-month=\"5\" data-day=\"18\" data-price=\"\"><div class=\"wpbs-legend-item-icon wpbs-legend-item-icon-1\" data-type=\"single\"><div class=\"wpbs-legend-item-icon-color\" ><\/div><div class=\"wpbs-legend-item-icon-color\" ><\/div><\/div><div class=\"wpbs-date-inner\"><span class=\"wpbs-date-number\">18<\/span><\/div><\/div><\/td><td><div class=\"wpbs-date wpbs-legend-item-1   wpbs-is-bookable \" data-year=\"2026\" data-month=\"5\" data-day=\"19\" data-price=\"\"><div class=\"wpbs-legend-item-icon wpbs-legend-item-icon-1\" data-type=\"single\"><div class=\"wpbs-legend-item-icon-color\" ><\/div><div class=\"wpbs-legend-item-icon-color\" ><\/div><\/div><div class=\"wpbs-date-inner\"><span class=\"wpbs-date-number\">19<\/span><\/div><\/div><\/td><td><div class=\"wpbs-date wpbs-legend-item-1   wpbs-is-bookable \" data-year=\"2026\" data-month=\"5\" data-day=\"20\" data-price=\"\"><div class=\"wpbs-legend-item-icon wpbs-legend-item-icon-1\" data-type=\"single\"><div class=\"wpbs-legend-item-icon-color\" ><\/div><div class=\"wpbs-legend-item-icon-color\" ><\/div><\/div><div class=\"wpbs-date-inner\"><span class=\"wpbs-date-number\">20<\/span><\/div><\/div><\/td><td><div class=\"wpbs-date wpbs-legend-item-1   wpbs-is-bookable \" data-year=\"2026\" data-month=\"5\" data-day=\"21\" data-price=\"\"><div class=\"wpbs-legend-item-icon wpbs-legend-item-icon-1\" data-type=\"single\"><div class=\"wpbs-legend-item-icon-color\" ><\/div><div class=\"wpbs-legend-item-icon-color\" ><\/div><\/div><div class=\"wpbs-date-inner\"><span class=\"wpbs-date-number\">21<\/span><\/div><\/div><\/td><td><div class=\"wpbs-date wpbs-legend-item-1   wpbs-is-bookable \" data-year=\"2026\" data-month=\"5\" data-day=\"22\" data-price=\"\"><div class=\"wpbs-legend-item-icon wpbs-legend-item-icon-1\" data-type=\"single\"><div class=\"wpbs-legend-item-icon-color\" ><\/div><div class=\"wpbs-legend-item-icon-color\" ><\/div><\/div><div class=\"wpbs-date-inner\"><span class=\"wpbs-date-number\">22<\/span><\/div><\/div><\/td><td><div class=\"wpbs-date wpbs-legend-item-1   wpbs-is-bookable \" data-year=\"2026\" data-month=\"5\" data-day=\"23\" data-price=\"\"><div class=\"wpbs-legend-item-icon wpbs-legend-item-icon-1\" data-type=\"single\"><div class=\"wpbs-legend-item-icon-color\" ><\/div><div class=\"wpbs-legend-item-icon-color\" ><\/div><\/div><div class=\"wpbs-date-inner\"><span class=\"wpbs-date-number\">23<\/span><\/div><\/div><\/td><td><div class=\"wpbs-date wpbs-legend-item-1   wpbs-is-bookable \" data-year=\"2026\" data-month=\"5\" data-day=\"24\" data-price=\"\"><div class=\"wpbs-legend-item-icon wpbs-legend-item-icon-1\" data-type=\"single\"><div class=\"wpbs-legend-item-icon-color\" ><\/div><div class=\"wpbs-legend-item-icon-color\" ><\/div><\/div><div class=\"wpbs-date-inner\"><span class=\"wpbs-date-number\">24<\/span><\/div><\/div><\/td><\/tr><tr><td><div class=\"wpbs-date wpbs-legend-item-1   wpbs-is-bookable \" data-year=\"2026\" data-month=\"5\" data-day=\"25\" data-price=\"\"><div class=\"wpbs-legend-item-icon wpbs-legend-item-icon-1\" data-type=\"single\"><div class=\"wpbs-legend-item-icon-color\" ><\/div><div class=\"wpbs-legend-item-icon-color\" ><\/div><\/div><div class=\"wpbs-date-inner\"><span class=\"wpbs-date-number\">25<\/span><\/div><\/div><\/td><td><div class=\"wpbs-date wpbs-legend-item-1   wpbs-is-bookable \" data-year=\"2026\" data-month=\"5\" data-day=\"26\" data-price=\"\"><div class=\"wpbs-legend-item-icon wpbs-legend-item-icon-1\" data-type=\"single\"><div class=\"wpbs-legend-item-icon-color\" ><\/div><div class=\"wpbs-legend-item-icon-color\" ><\/div><\/div><div class=\"wpbs-date-inner\"><span class=\"wpbs-date-number\">26<\/span><\/div><\/div><\/td><td><div class=\"wpbs-date wpbs-legend-item-1   wpbs-is-bookable \" data-year=\"2026\" data-month=\"5\" data-day=\"27\" data-price=\"\"><div class=\"wpbs-legend-item-icon wpbs-legend-item-icon-1\" data-type=\"single\"><div class=\"wpbs-legend-item-icon-color\" ><\/div><div class=\"wpbs-legend-item-icon-color\" ><\/div><\/div><div class=\"wpbs-date-inner\"><span class=\"wpbs-date-number\">27<\/span><\/div><\/div><\/td><td><div class=\"wpbs-date wpbs-legend-item-1   wpbs-is-bookable \" data-year=\"2026\" data-month=\"5\" data-day=\"28\" data-price=\"\"><div class=\"wpbs-legend-item-icon wpbs-legend-item-icon-1\" data-type=\"single\"><div class=\"wpbs-legend-item-icon-color\" ><\/div><div class=\"wpbs-legend-item-icon-color\" ><\/div><\/div><div class=\"wpbs-date-inner\"><span class=\"wpbs-date-number\">28<\/span><\/div><\/div><\/td><td><div class=\"wpbs-date wpbs-legend-item-1   wpbs-is-bookable \" data-year=\"2026\" data-month=\"5\" data-day=\"29\" data-price=\"\"><div class=\"wpbs-legend-item-icon wpbs-legend-item-icon-1\" data-type=\"single\"><div class=\"wpbs-legend-item-icon-color\" ><\/div><div class=\"wpbs-legend-item-icon-color\" ><\/div><\/div><div class=\"wpbs-date-inner\"><span class=\"wpbs-date-number\">29<\/span><\/div><\/div><\/td><td><div class=\"wpbs-date wpbs-legend-item-1   wpbs-is-bookable \" data-year=\"2026\" data-month=\"5\" data-day=\"30\" data-price=\"\"><div class=\"wpbs-legend-item-icon wpbs-legend-item-icon-1\" data-type=\"single\"><div class=\"wpbs-legend-item-icon-color\" ><\/div><div class=\"wpbs-legend-item-icon-color\" ><\/div><\/div><div class=\"wpbs-date-inner\"><span class=\"wpbs-date-number\">30<\/span><\/div><\/div><\/td><td><div class=\"wpbs-date wpbs-legend-item-1   wpbs-is-bookable \" data-year=\"2026\" data-month=\"5\" data-day=\"31\" data-price=\"\"><div class=\"wpbs-legend-item-icon wpbs-legend-item-icon-1\" data-type=\"single\"><div class=\"wpbs-legend-item-icon-color\" ><\/div><div class=\"wpbs-legend-item-icon-color\" ><\/div><\/div><div class=\"wpbs-date-inner\"><span class=\"wpbs-date-number\">31<\/span><\/div><\/div><\/td><\/tr><\/tbody><\/table><\/div><\/div><\/div><\/div><style>.wpbs-container.wpbs-calendar-1 .wpbs-legend-item-icon-1 div:first-of-type { background-color: #ddffcc; }.wpbs-container.wpbs-calendar-1 .wpbs-legend-item-icon-1 div:nth-of-type(2) { background-color: transparent; }.wpbs-container.wpbs-calendar-1 .wpbs-legend-item-icon-1 div:first-of-type svg { fill: #ddffcc; }.wpbs-container.wpbs-calendar-1 .wpbs-legend-item-icon-1 div:nth-of-type(2) svg { fill: transparent; }.wpbs-container.wpbs-calendar-1 .wpbs-legend-item-icon-2 div:first-of-type { background-color: #ffc0bd; }.wpbs-container.wpbs-calendar-1 .wpbs-legend-item-icon-2 div:nth-of-type(2) { background-color: transparent; }.wpbs-container.wpbs-calendar-1 .wpbs-legend-item-icon-2 div:first-of-type svg { fill: #ffc0bd; }.wpbs-container.wpbs-calendar-1 .wpbs-legend-item-icon-2 div:nth-of-type(2) svg { fill: transparent; }.wpbs-container.wpbs-calendar-1 .wpbs-legend-item-icon-today div:first-of-type { background-color: rgba( 33,150,243, .9 ); }.wpbs-container.wpbs-calendar-1 .wpbs-legend-item-icon-0 div:first-of-type { background-color: #e1e1e1; }.wpbs-main-wrapper:not(.wpbs-main-wrapper-form-0) .wpbs-enable-hover .wpbs-is-bookable:hover:not(.wpbs-selected-first):not(.wpbs-selected-last) .wpbs-legend-item-icon div:first-of-type, .wpbs-main-wrapper:not(.wpbs-main-wrapper-form-0) .wpbs-date-hover:not(.wpbs-selected-first):not(.wpbs-selected-last) .wpbs-legend-item-icon div:first-of-type, .wpbs-main-wrapper:not(.wpbs-main-wrapper-form-0) .wpbs-date-hover.wpbs-selected-first.wpbs-selected-last .wpbs-legend-item-icon div:first-of-type { background-color: #7bb9e4; }.wpbs-main-wrapper:not(.wpbs-main-wrapper-form-0) .wpbs-enable-hover .wpbs-is-bookable:hover:not(.wpbs-selected-first):not(.wpbs-selected-last) .wpbs-legend-item-icon[data-type=\"split\"] div svg, .wpbs-main-wrapper:not(.wpbs-main-wrapper-form-0) .wpbs-date-hover:not(.wpbs-selected-first):not(.wpbs-selected-last) .wpbs-legend-item-icon[data-type=\"split\"] div svg, .wpbs-main-wrapper:not(.wpbs-main-wrapper-form-0) .wpbs-legend-item-icon .wpbs-legend-icon-select svg { fill: #7bb9e4; }.wpbs-main-wrapper:not(.wpbs-main-wrapper-form-0) .wpbs-date-selected:not(.wpbs-selected-first):not(.wpbs-selected-last) .wpbs-legend-item-icon div:first-of-type, .wpbs-main-wrapper:not(.wpbs-main-wrapper-form-0) .wpbs-date-selected.wpbs-selected-first.wpbs-selected-last .wpbs-legend-item-icon div:first-of-type, .wpbs-main-wrapper:not(.wpbs-main-wrapper-form-0) .wpbs-enable-hover .wpbs-date-selected:hover:not(.wpbs-selected-first):not(.wpbs-selected-last) .wpbs-legend-item-icon div:first-of-type { background-color: #5aa7dd; }.wpbs-main-wrapper:not(.wpbs-main-wrapper-form-0) .wpbs-date-selected:not(.wpbs-selected-first):not(.wpbs-selected-last) .wpbs-legend-item-icon[data-type=\"split\"] div svg, .wpbs-main-wrapper:not(.wpbs-main-wrapper-form-0) .wpbs-enable-hover .wpbs-date-selected:hover:not(.wpbs-selected-first):not(.wpbs-selected-last) .wpbs-legend-item-icon[data-type=\"split\"] div svg, .wpbs-main-wrapper:not(.wpbs-main-wrapper-form-0) .wpbs-date-selected .wpbs-legend-item-icon .wpbs-legend-icon-select svg { fill: #5aa7dd; }<\/style><div class=\"wpbs-container-loaded\" data-just-loaded=\"1\"><\/div><\/div><\/div><\/div><\/div>\n<\/div><\/div>\n<\/div><\/div>\n\n\n\n<h2 class=\"wp-block-heading\">Tarifs 2024\/Semaine Hors Charges <strong>(relev\u00e9s compteurs eau et \u00e9lectricit\u00e9)<\/strong><\/h2>\n\n\n\n<p><strong>Ch\u00e8ques vacances <\/strong>accept\u00e9s sur la location uniquement<\/p>\n\n\n\n<p><strong>A charge sur relev\u00e9s compteurs<\/strong> : <strong>Eau (4.60\u20ac\/m3) \/ Electricit\u00e9<\/strong> (Tarif EDF en vigueur au 01\/02\/2024) :  <\/p>\n\n\n\n<ul>\n<li>heures pleines : 0.2700 \u20ac\/kWh<\/li>\n\n\n\n<li>heures creuses : 0.2068 \u20ac\/kWh<\/li>\n<\/ul>\n\n\n\n<p><strong>Hors prestations <\/strong>: <strong>Taxe de s\u00e9jour<\/strong>, \u00e0 r\u00e9gler \u00e0 l&rsquo;arriv\u00e9e : 1.20\u20ac\/j\/p gratuit jusqu&rsquo;\u00e018 ans<\/p>\n\n\n\n<p><strong>Conditions de r\u00e9servation : <\/strong>Pas de r\u00e9servation en ligne<strong>,<\/strong> pas de pr\u00e9-r\u00e9servation, envoi du contrat par courrier postal \u00e0 l&rsquo;adresse qui sera indiqu\u00e9e lors de la r\u00e9servation avec un num\u00e9ro de t\u00e9l\u00e9phone fixe et de portable. <\/p>\n\n\n\n<p><span style=\"font-size: 1rem;\"><strong>M\u00e9nage fin<\/strong> <strong>de s\u00e9jour&nbsp;<\/strong>facultatif&nbsp;(\u00e0 pr\u00e9ciser) : 50\u20ac\/semaine<em> (l&rsquo;appartement doit \u00eatre rendu dans l&rsquo;\u00e9tat o\u00f9 il a \u00e9t\u00e9 confi\u00e9)<\/em><\/span>.<\/p>\n\n\n\n<p><span style=\"color:#3406e5\" class=\"has-inline-color\">A l&rsquo;attention des <strong>vacanciers empruntant les transports en commun pour venir \u00e0 Roscoff <\/strong>: <strong>Mise \u00e0 disposition gracieusement du linge de maison <\/strong>(2 lits\/3p) (draps, serviettes de table et de toilettes hormis les torchons)<\/span><span class=\"has-inline-color has-black-color\">.<\/span><span style=\"color:#3406e5\" class=\"has-inline-color\"> <strong>Accueil et retour \u00e0 l&rsquo;arr\u00eat de cars QUAI D&rsquo;AUXERRE \u00e0 Roscoff possible<\/strong>. <\/span><\/p>\n\n\n\n<p><span class=\"has-inline-color has-black-color\"><strong>Pendant les vacances scolaires d&rsquo;\u00e9t\u00e9<\/strong>, ROSKO BUS mini car circulaire gratuit avec arr\u00eat entre autres \u00e0 la thalasso et le Casino Alimentaire (livraison \u00e0 domicile, voir les conditions au magasin).<\/span><\/p>\n\n\n\n<p><strong><strong>Nos amis les b\u00eates<\/strong> : Au vu des d\u00e9g\u00e2ts substantiels que nous avons eus<strong>, <strong>nos petits compagnons ne sont plus accept\u00e9s. Nous en sommes sinc\u00e8rement d\u00e9sol\u00e9s.<\/strong><\/strong> Merci pour votre compr\u00e9hension.<\/strong><\/p>\n\n\n\n<p>Recharge v\u00e9hicule \u00e9lectrique \u00e0 moins de 15 minutes.<br><\/p>\n\n\n\n<h6 class=\"wp-block-heading\">&nbsp;Location toute l&rsquo;ann\u00e9e. La sous-location est strictement interdite.<\/h6>\n\n\n\n<h6 class=\"wp-block-heading\"><span style=\"color: #808080;\"><em>Thalassoth\u00e9rapie, activit\u00e9s nautiques, plage, p\u00eache, sentiers de randonn\u00e9e, petite cit\u00e9 de caract\u00e8re, 1* guide Michelin<\/em><\/span>.<\/h6>\n\n\n\n<p><\/p>\n","protected":false},"excerpt":{"rendered":"<p>LA PERIODE DE LOCATION S&rsquo;ENTEND DU SAMEDI AU SAMEDI PENSEZ A L&rsquo;ASSURANCE ANNULATION : EXTRAIT DES CONDITIONS GENERALES DE LOCATION AU VERSO DU CONTRAT Cl\u00e9Vacances PinkAssur et la Cie AREASAssurance (partenaires Cl\u00e9Vacances). Pour tout renseignement t\u00e9l 06.33.45.34.67 &#8211; contact@pinkassur.com Tarifs 2024\/Semaine Hors Charges (relev\u00e9s compteurs eau et \u00e9lectricit\u00e9) Ch\u00e8ques vacances accept\u00e9s sur la location uniquement [&hellip;]<\/p>\n","protected":false},"author":2,"featured_media":0,"parent":0,"menu_order":3,"comment_status":"closed","ping_status":"closed","template":"","meta":{"footnotes":""},"_links":{"self":[{"href":"https:\/\/location-vacances-roscoff.fr\/index.php?rest_route=\/wp\/v2\/pages\/58"}],"collection":[{"href":"https:\/\/location-vacances-roscoff.fr\/index.php?rest_route=\/wp\/v2\/pages"}],"about":[{"href":"https:\/\/location-vacances-roscoff.fr\/index.php?rest_route=\/wp\/v2\/types\/page"}],"author":[{"embeddable":true,"href":"https:\/\/location-vacances-roscoff.fr\/index.php?rest_route=\/wp\/v2\/users\/2"}],"replies":[{"embeddable":true,"href":"https:\/\/location-vacances-roscoff.fr\/index.php?rest_route=%2Fwp%2Fv2%2Fcomments&post=58"}],"version-history":[{"count":439,"href":"https:\/\/location-vacances-roscoff.fr\/index.php?rest_route=\/wp\/v2\/pages\/58\/revisions"}],"predecessor-version":[{"id":3891,"href":"https:\/\/location-vacances-roscoff.fr\/index.php?rest_route=\/wp\/v2\/pages\/58\/revisions\/3891"}],"wp:attachment":[{"href":"https:\/\/location-vacances-roscoff.fr\/index.php?rest_route=%2Fwp%2Fv2%2Fmedia&parent=58"}],"curies":[{"name":"wp","href":"https:\/\/api.w.org\/{rel}","templated":true}]}}