{"id":563,"date":"2018-06-18T13:39:14","date_gmt":"2018-06-18T11:39:14","guid":{"rendered":"https:\/\/lelargeroscoff.wordpress.com\/?page_id=3"},"modified":"2021-03-04T21:35:38","modified_gmt":"2021-03-04T20:35:38","slug":"contact","status":"publish","type":"page","link":"https:\/\/location-vacances-roscoff.fr\/?page_id=563","title":{"rendered":"CONTACT"},"content":{"rendered":"<h1><span style=\"color: #666699;\">&#8230; DIRECT AVEC LES LOUEURS<\/span><\/h1>\n<p><span style=\"color: #666699;\">Vous avez des questions, besoin de renseignements sur l&rsquo;appartement, sur Roscoff et sa r\u00e9gion? Alors n&rsquo;h\u00e9sitez pas \u00e0 nous contacter, soit par le formulaire de contact ci-dessous, soit directement par e-mail ou t\u00e9l\u00e9phone.<\/span><\/p>\n<div role=\"form\" class=\"wpcf7\" id=\"wpcf7-f646-o1\" lang=\"fr-FR\" dir=\"ltr\">\n<div class=\"screen-reader-response\"><p role=\"status\" aria-live=\"polite\" aria-atomic=\"true\"><\/p> <ul><\/ul><\/div>\n<form action=\"\/index.php?rest_route=%2Fwp%2Fv2%2Fpages%2F563#wpcf7-f646-o1\" method=\"post\" class=\"wpcf7-form init\" novalidate=\"novalidate\" data-status=\"init\">\n<div style=\"display: none;\">\n<input type=\"hidden\" name=\"_wpcf7\" value=\"646\" \/>\n<input type=\"hidden\" name=\"_wpcf7_version\" value=\"5.3\" \/>\n<input type=\"hidden\" name=\"_wpcf7_locale\" value=\"fr_FR\" \/>\n<input type=\"hidden\" name=\"_wpcf7_unit_tag\" value=\"wpcf7-f646-o1\" \/>\n<input type=\"hidden\" name=\"_wpcf7_container_post\" value=\"0\" \/>\n<input type=\"hidden\" name=\"_wpcf7_posted_data_hash\" value=\"\" \/>\n<\/div>\n<p><label> Votre nom (obligatoire)<br \/>\n    <span class=\"wpcf7-form-control-wrap your-name\"><input type=\"text\" name=\"your-name\" value=\"\" size=\"40\" class=\"wpcf7-form-control wpcf7-text wpcf7-validates-as-required\" aria-required=\"true\" aria-invalid=\"false\" \/><\/span> <\/label><\/p>\n<p><label> Votre adresse de messagerie (obligatoire)<br \/>\n    <span class=\"wpcf7-form-control-wrap your-email\"><input type=\"email\" name=\"your-email\" value=\"\" size=\"40\" class=\"wpcf7-form-control wpcf7-text wpcf7-email wpcf7-validates-as-required wpcf7-validates-as-email\" aria-required=\"true\" aria-invalid=\"false\" \/><\/span> <\/label><\/p>\n<p><label> Objet<br \/>\n    <span class=\"wpcf7-form-control-wrap your-subject\"><input type=\"text\" name=\"your-subject\" value=\"\" size=\"40\" class=\"wpcf7-form-control wpcf7-text\" aria-invalid=\"false\" \/><\/span> <\/label><\/p>\n<p><label> Votre message<br \/>\n    <span class=\"wpcf7-form-control-wrap your-message\"><textarea name=\"your-message\" cols=\"40\" rows=\"10\" class=\"wpcf7-form-control wpcf7-textarea\" aria-invalid=\"false\"><\/textarea><\/span> <\/label><\/p>\n<p><input type=\"submit\" value=\"Envoyer\" class=\"wpcf7-form-control wpcf7-submit\" \/><\/p>\n<div class=\"wpcf7-response-output\" aria-hidden=\"true\"><\/div><\/form><\/div>\n<p>Contact directement en remplissant le formulaire susmentionn\u00e9 ou en nous joignant sur notre adresse e-mail : le_large@orange.fr &#8211; t\u00e9l\u00a0 : 06 38 64 52 74<\/p>\n<p><span style=\"color: #999999;\"><em>Thalassoth\u00e9rapie, activit\u00e9s nautiques, plage, p\u00eache, sentiers de randonn\u00e9e, petite cit\u00e9 de caract\u00e8re, 1* guide Michelin.<\/em><\/span><\/p>\n<p><em>\u00a0<\/em><\/p>\n","protected":false},"excerpt":{"rendered":"<p>&#8230; DIRECT AVEC LES LOUEURS Vous avez des questions, besoin de renseignements sur l&rsquo;appartement, sur Roscoff et sa r\u00e9gion? Alors n&rsquo;h\u00e9sitez pas \u00e0 nous contacter, soit par le formulaire de contact ci-dessous, soit directement par e-mail ou t\u00e9l\u00e9phone. Contact directement en remplissant le formulaire susmentionn\u00e9 ou en nous joignant sur notre adresse e-mail : le_large@orange.fr [&hellip;]<\/p>\n","protected":false},"author":2,"featured_media":0,"parent":0,"menu_order":6,"comment_status":"closed","ping_status":"closed","template":"","meta":{"footnotes":""},"_links":{"self":[{"href":"https:\/\/location-vacances-roscoff.fr\/index.php?rest_route=\/wp\/v2\/pages\/563"}],"collection":[{"href":"https:\/\/location-vacances-roscoff.fr\/index.php?rest_route=\/wp\/v2\/pages"}],"about":[{"href":"https:\/\/location-vacances-roscoff.fr\/index.php?rest_route=\/wp\/v2\/types\/page"}],"author":[{"embeddable":true,"href":"https:\/\/location-vacances-roscoff.fr\/index.php?rest_route=\/wp\/v2\/users\/2"}],"replies":[{"embeddable":true,"href":"https:\/\/location-vacances-roscoff.fr\/index.php?rest_route=%2Fwp%2Fv2%2Fcomments&post=563"}],"version-history":[{"count":17,"href":"https:\/\/location-vacances-roscoff.fr\/index.php?rest_route=\/wp\/v2\/pages\/563\/revisions"}],"predecessor-version":[{"id":3462,"href":"https:\/\/location-vacances-roscoff.fr\/index.php?rest_route=\/wp\/v2\/pages\/563\/revisions\/3462"}],"wp:attachment":[{"href":"https:\/\/location-vacances-roscoff.fr\/index.php?rest_route=%2Fwp%2Fv2%2Fmedia&parent=563"}],"curies":[{"name":"wp","href":"https:\/\/api.w.org\/{rel}","templated":true}]}}