{"id":49,"date":"2018-06-25T12:49:20","date_gmt":"2018-06-25T12:49:20","guid":{"rendered":"https:\/\/lelargeroscoff.wordpress.com\/?page_id=49"},"modified":"2021-03-19T11:09:51","modified_gmt":"2021-03-19T10:09:51","slug":"location-le-large-roscoff","status":"publish","type":"page","link":"https:\/\/location-vacances-roscoff.fr\/","title":{"rendered":"EMBARQUEZ-VOUS POUR ROSCOFF"},"content":{"rendered":"<h1 style=\"text-align: left;\"><span style=\"color: #666699;\"><strong>A LA D\u00c9COUVERTE DE ROSCOFF, PETITE CITE DE CARACT\u00c8RE<\/strong><\/span><\/h1>\n<h6><em>\u00ab\u00a0Source : <a href=\"https:\/\/www.google.com\/destination?q=roscoff&amp;client=firefox-b&amp;sa=X&amp;site=search&amp;output=search&amp;dest_mid=%2Fm%2F05w_56&amp;tcfs#dest_mid=\/m\/05w_56&amp;tcfs=EhoaGAoKMjAxOC0wOC0xOBIKMjAxOC0wOC0yMg\">GUIDE DU VOYAGE ROSCOFF<\/a> : <\/em><em>Roscoff, ancien havre de corsaires puis de contrebandiers, d&rsquo;o\u00f9 partirent les Johnnies vendre leurs oignons ros\u00e9s, Roscoff, homologu\u00e9 \u00ab petite cit\u00e9 de caract\u00e8re \u00bb, est une petite ville baln\u00e9aire qui a conserv\u00e9 son patrimoine architectural des XVI\u1d49 et XVII\u1d49 si\u00e8cles. Son port en eau profonde, desservi par Irish Ferries et Brittany Ferries, qui y a son si\u00e8ge, assure la liaison en ferry avec les \u00eeles Britanniques ainsi que l&rsquo;Espagne. Son estran, balay\u00e9 par des mar\u00e9es dont le marnage peut atteindre 10,40 m, abrite une diversit\u00e9 biologique propre \u00e0 deux \u00e9cosyst\u00e8mes d&rsquo;algues frontaliers dont l&rsquo;\u00e9tude, en 1872, est l&rsquo;origine du premier p\u00f4le europ\u00e9en de recherches et d&rsquo;enseignement en biologie marine, la Station biologique de Roscoff.<a class=\"R8Nd9e\" href=\"https:\/\/fr.wikipedia.org\/wiki\/Roscoff\"> Wikipedia\u00a0\u00bb<\/a><\/em><\/h6>\n<p>&nbsp;<\/p>\n<p><iframe loading=\"lazy\" title=\"Sensation Bretagne - Survol de Roscoff - 2014\" width=\"625\" height=\"352\" src=\"https:\/\/www.youtube.com\/embed\/cQ8qW9e07Y8?feature=oembed\" frameborder=\"0\" allow=\"accelerometer; autoplay; clipboard-write; encrypted-media; gyroscope; picture-in-picture; web-share\" referrerpolicy=\"strict-origin-when-cross-origin\" allowfullscreen><\/iframe><\/p>\n<h6><em>Source : <a href=\"https:\/\/www.sensation-bretagne.com\/destinations\/roscoff\">SENSATION BRETAGNE<\/a><\/em><\/h6>\n<p><span style=\"color: #808080;\"><em>Thalassoth\u00e9rapie, mer, activit\u00e9s nautiques, plage, p\u00eache, sentiers de randonn\u00e9e, petite cit\u00e9 de caract\u00e8re, 1* guide Michelin.<\/em><\/span><\/p>\n<p><em>&nbsp;<\/em><\/p>\n","protected":false},"excerpt":{"rendered":"<p>A LA D\u00c9COUVERTE DE ROSCOFF, PETITE CITE DE CARACT\u00c8RE \u00ab\u00a0Source : GUIDE DU VOYAGE ROSCOFF : Roscoff, ancien havre de corsaires puis de contrebandiers, d&rsquo;o\u00f9 partirent les Johnnies vendre leurs oignons ros\u00e9s, Roscoff, homologu\u00e9 \u00ab petite cit\u00e9 de caract\u00e8re \u00bb, est une petite ville baln\u00e9aire qui a conserv\u00e9 son patrimoine architectural des XVI\u1d49 et XVII\u1d49 [&hellip;]<\/p>\n","protected":false},"author":2,"featured_media":0,"parent":0,"menu_order":0,"comment_status":"closed","ping_status":"closed","template":"","meta":{"footnotes":""},"_links":{"self":[{"href":"https:\/\/location-vacances-roscoff.fr\/index.php?rest_route=\/wp\/v2\/pages\/49"}],"collection":[{"href":"https:\/\/location-vacances-roscoff.fr\/index.php?rest_route=\/wp\/v2\/pages"}],"about":[{"href":"https:\/\/location-vacances-roscoff.fr\/index.php?rest_route=\/wp\/v2\/types\/page"}],"author":[{"embeddable":true,"href":"https:\/\/location-vacances-roscoff.fr\/index.php?rest_route=\/wp\/v2\/users\/2"}],"replies":[{"embeddable":true,"href":"https:\/\/location-vacances-roscoff.fr\/index.php?rest_route=%2Fwp%2Fv2%2Fcomments&post=49"}],"version-history":[{"count":24,"href":"https:\/\/location-vacances-roscoff.fr\/index.php?rest_route=\/wp\/v2\/pages\/49\/revisions"}],"predecessor-version":[{"id":3469,"href":"https:\/\/location-vacances-roscoff.fr\/index.php?rest_route=\/wp\/v2\/pages\/49\/revisions\/3469"}],"wp:attachment":[{"href":"https:\/\/location-vacances-roscoff.fr\/index.php?rest_route=%2Fwp%2Fv2%2Fmedia&parent=49"}],"curies":[{"name":"wp","href":"https:\/\/api.w.org\/{rel}","templated":true}]}}