{"id":23,"date":"2018-06-18T15:06:47","date_gmt":"2018-06-18T13:06:47","guid":{"rendered":"https:\/\/lelargeroscoff.wordpress.com\/?page_id=23"},"modified":"2021-12-01T17:12:29","modified_gmt":"2021-12-01T16:12:29","slug":"description-de-la-location","status":"publish","type":"page","link":"https:\/\/location-vacances-roscoff.fr\/?page_id=23","title":{"rendered":"APPART \u00ab\u00a0LE LARGE\u00a0\u00bb"},"content":{"rendered":"<h1 style=\"text-align: left;\"><span style=\"color: #666699;\">&#8230;. LABELLISE &amp; CLASSE POUR 1\/3 VACANCIERS&#8230;. IDEAL 2 !<br \/><\/span><\/h1>\n<p><span style=\"color: #666699;\">Appartement cosy de vacances de 40m\u00b2, NON FUMEUR compos\u00e9 d&rsquo;une pi\u00e8ce de vie\/kitchenette, deux chambres (une avec un lit en 140cmx190cm, l\u2019autre avec un lit en 120cmx190cm) et d&rsquo;une salle de bain\/wc.<br \/><\/span><\/p>\n<p><img loading=\"lazy\" decoding=\"async\" class=\"size-medium wp-image-3602 aligncenter\" src=\"http:\/\/location-vacances-roscoff.fr\/wp-content\/uploads\/2021\/12\/plan_appart_corrige-280x300.jpg\" alt=\"\" width=\"280\" height=\"300\" srcset=\"https:\/\/location-vacances-roscoff.fr\/wp-content\/uploads\/2021\/12\/plan_appart_corrige-280x300.jpg 280w, https:\/\/location-vacances-roscoff.fr\/wp-content\/uploads\/2021\/12\/plan_appart_corrige.jpg 398w\" sizes=\"(max-width: 280px) 100vw, 280px\" \/><\/p>\n<hr \/>\n<p>\u00a0<\/p>\n<p style=\"padding-left: 30px;\"><strong>petite entr\u00e9e<\/strong><br \/><strong>pi\u00e8ce de vie\u00a0<\/strong>avec salon, table avec chaises pour 4 personnes + 1 dans chaque chambre, soit 6 chaises<br \/><strong>kitchenette<\/strong> : 2 foyers halog\u00e8nes, mini four, micro-onde, table top (avec compartiment cong\u00e9lateur 18 l.), lave vaisselle\u00a04 couverts, machine \u00e0 laver le linge.<br \/><strong>2 chambres<\/strong>\u00a0:<br \/>.\u00a0 chambre avec un lit 140cm<br \/>.\u00a0 chambre avec un lit 120cm avec son petit bureau escamotable<br \/><strong>salle de bain\u00a0&#8211; WC<\/strong> , Baignoire munie d&rsquo;une planche de bain m\u00e9dical si besoin, lavabo, WC, s\u00e8che serviettes, s\u00e8che cheveux. Meuble de rangement sous le lavabo + \u00e9tag\u00e8res), s\u00e8che linge<\/p>\n<p><strong>GARAGE EN SOUS-SOL <\/strong>avec caddy (utile pour les courses sans voiture ou pour le march\u00e9 du mercredi matin) ainsi que des v\u00e9los dont un \u00e9quip\u00e9 d&rsquo;un si\u00e8ge petit enfant (le casque obligatoire jusqu&rsquo;\u00e0 12 ans n&rsquo;est pas fourni) .<\/p>\n<p><span style=\"color: #808080;\"><em>Thalassoth\u00e9rapie, mer, activit\u00e9s nautiques, plage, p\u00eache, sentiers de randonn\u00e9e, petite cit\u00e9 de caract\u00e8re, 1* guide Michelin.<\/em><\/span><\/p>\n<p><em>\u00a0<\/em><\/p>\n\n\n<p><\/p>\n","protected":false},"excerpt":{"rendered":"<p>&#8230;. LABELLISE &amp; CLASSE POUR 1\/3 VACANCIERS&#8230;. IDEAL 2 ! Appartement cosy de vacances de 40m\u00b2, NON FUMEUR compos\u00e9 d&rsquo;une pi\u00e8ce de vie\/kitchenette, deux chambres (une avec un lit en 140cmx190cm, l\u2019autre avec un lit en 120cmx190cm) et d&rsquo;une salle de bain\/wc. \u00a0 petite entr\u00e9epi\u00e8ce de vie\u00a0avec salon, table avec chaises pour 4 personnes + [&hellip;]<\/p>\n","protected":false},"author":2,"featured_media":0,"parent":0,"menu_order":2,"comment_status":"closed","ping_status":"closed","template":"","meta":{"footnotes":""},"_links":{"self":[{"href":"https:\/\/location-vacances-roscoff.fr\/index.php?rest_route=\/wp\/v2\/pages\/23"}],"collection":[{"href":"https:\/\/location-vacances-roscoff.fr\/index.php?rest_route=\/wp\/v2\/pages"}],"about":[{"href":"https:\/\/location-vacances-roscoff.fr\/index.php?rest_route=\/wp\/v2\/types\/page"}],"author":[{"embeddable":true,"href":"https:\/\/location-vacances-roscoff.fr\/index.php?rest_route=\/wp\/v2\/users\/2"}],"replies":[{"embeddable":true,"href":"https:\/\/location-vacances-roscoff.fr\/index.php?rest_route=%2Fwp%2Fv2%2Fcomments&post=23"}],"version-history":[{"count":53,"href":"https:\/\/location-vacances-roscoff.fr\/index.php?rest_route=\/wp\/v2\/pages\/23\/revisions"}],"predecessor-version":[{"id":3603,"href":"https:\/\/location-vacances-roscoff.fr\/index.php?rest_route=\/wp\/v2\/pages\/23\/revisions\/3603"}],"wp:attachment":[{"href":"https:\/\/location-vacances-roscoff.fr\/index.php?rest_route=%2Fwp%2Fv2%2Fmedia&parent=23"}],"curies":[{"name":"wp","href":"https:\/\/api.w.org\/{rel}","templated":true}]}}