{"id":1986,"date":"2019-08-21T17:18:45","date_gmt":"2019-08-21T15:18:45","guid":{"rendered":"http:\/\/location-vacances-roscoff.fr\/?page_id=1986"},"modified":"2024-07-29T14:14:52","modified_gmt":"2024-07-29T12:14:52","slug":"venir-a-roscoff-en-transports-en-commun","status":"publish","type":"page","link":"https:\/\/location-vacances-roscoff.fr\/?page_id=1986","title":{"rendered":"VENIR A ROSCOFF SNCF\/CAR"},"content":{"rendered":"\n<p><strong>Trains TGV en provenance de PARIS et BREST : correspondance pour Roscoff : CAR <a href=\"https:\/\/www.breizhgo.bzh\/\">BreizhGo<\/a> n\u00b029<\/strong> (100m \u00e0 droite en sortant de la gare).<\/p>\n\n\n\n<p>Arr\u00eat\/D\u00e9part : <strong>QUAI D&rsquo;AUXERRE<\/strong> (Centre ville) \u00e0 Roscoff  <\/p>\n\n\n\n<p>&#8212;&#8212;-<\/p>\n\n\n\n<p><strong><span class=\"has-inline-color has-luminous-vivid-orange-color\">Si vous empruntez les transports en commun pour venir \u00e0 Roscoff, SUR DEMANDE : <strong>Mise gracieusement \u00e0 disposition du <\/strong>linge de maison<\/span> <\/strong>(2 lits\/3p) (draps, serviettes de table et de toilettes hormis les torchons) sur pr\u00e9sentation du titre de transport pour les transports en commun <em>(Eh oui ! il y a des petits filous). <\/em><\/p>\n\n\n\n<p>Accueil et retour \u00e0 l&rsquo;arr\u00eat de cars QUAI D&rsquo;AUXERRE \u00e0 Roscoff possible. Pendant les vacances scolaires d&rsquo;\u00e9t\u00e9, ROSKO BUS mini car circulaire gratuit avec arr\u00eat entre autres \u00e0 la thalasso et le Casino Alimentaire (livraison \u00e0 domicile, voir les conditions au magasin)<\/p>\n","protected":false},"excerpt":{"rendered":"<p>Trains TGV en provenance de PARIS et BREST : correspondance pour Roscoff : CAR BreizhGo n\u00b029 (100m \u00e0 droite en sortant de la gare). Arr\u00eat\/D\u00e9part : QUAI D&rsquo;AUXERRE (Centre ville) \u00e0 Roscoff &#8212;&#8212;- Si vous empruntez les transports en commun pour venir \u00e0 Roscoff, SUR DEMANDE : Mise gracieusement \u00e0 disposition du linge de maison [&hellip;]<\/p>\n","protected":false},"author":1,"featured_media":0,"parent":0,"menu_order":0,"comment_status":"closed","ping_status":"closed","template":"","meta":{"footnotes":""},"_links":{"self":[{"href":"https:\/\/location-vacances-roscoff.fr\/index.php?rest_route=\/wp\/v2\/pages\/1986"}],"collection":[{"href":"https:\/\/location-vacances-roscoff.fr\/index.php?rest_route=\/wp\/v2\/pages"}],"about":[{"href":"https:\/\/location-vacances-roscoff.fr\/index.php?rest_route=\/wp\/v2\/types\/page"}],"author":[{"embeddable":true,"href":"https:\/\/location-vacances-roscoff.fr\/index.php?rest_route=\/wp\/v2\/users\/1"}],"replies":[{"embeddable":true,"href":"https:\/\/location-vacances-roscoff.fr\/index.php?rest_route=%2Fwp%2Fv2%2Fcomments&post=1986"}],"version-history":[{"count":89,"href":"https:\/\/location-vacances-roscoff.fr\/index.php?rest_route=\/wp\/v2\/pages\/1986\/revisions"}],"predecessor-version":[{"id":3882,"href":"https:\/\/location-vacances-roscoff.fr\/index.php?rest_route=\/wp\/v2\/pages\/1986\/revisions\/3882"}],"wp:attachment":[{"href":"https:\/\/location-vacances-roscoff.fr\/index.php?rest_route=%2Fwp%2Fv2%2Fmedia&parent=1986"}],"curies":[{"name":"wp","href":"https:\/\/api.w.org\/{rel}","templated":true}]}}